{"id":3119,"date":"2023-10-07T08:47:47","date_gmt":"2023-10-07T08:47:47","guid":{"rendered":"https:\/\/demo1.jil-alouloum.com\/?page_id=3119"},"modified":"2024-10-29T11:03:30","modified_gmt":"2024-10-29T11:03:30","slug":"keynote_speakers","status":"publish","type":"page","link":"https:\/\/asling.org\/tc46\/keynote_speakers\/","title":{"rendered":"Keynote Speakers"},"content":{"rendered":"\t\t<div data-elementor-type=\"wp-page\" data-elementor-id=\"3119\" class=\"elementor elementor-3119\" data-elementor-post-type=\"page\">\n\t\t\t\t<div class=\"elementor-element elementor-element-1e2a72a e-flex e-con-boxed e-con e-parent\" data-id=\"1e2a72a\" data-element_type=\"container\">\n\t\t\t\t\t<div class=\"e-con-inner\">\n\t\t\t\t<div class=\"elementor-element elementor-element-6a0bba9 elementor-widget elementor-widget-spacer\" data-id=\"6a0bba9\" data-element_type=\"widget\" data-widget_type=\"spacer.default\">\n\t\t\t\t<div class=\"elementor-widget-container\">\n\t\t\t\t\t<div class=\"elementor-spacer\">\n\t\t\t<div class=\"elementor-spacer-inner\"><\/div>\n\t\t<\/div>\n\t\t\t\t<\/div>\n\t\t\t\t<\/div>\n\t\t\t\t<div class=\"elementor-element elementor-element-c71ef7a elementor-widget elementor-widget-text-editor\" data-id=\"c71ef7a\" data-element_type=\"widget\" data-widget_type=\"text-editor.default\">\n\t\t\t\t<div class=\"elementor-widget-container\">\n\t\t\t\t\t\t\t<h1><strong>Keynote and Invited Speakers to TC46<\/strong><\/h1>\t\t\t\t\t\t<\/div>\n\t\t\t\t<\/div>\n\t\t\t\t<div class=\"elementor-element elementor-element-03d526c elementor-widget elementor-widget-text-editor\" data-id=\"03d526c\" data-element_type=\"widget\" data-widget_type=\"text-editor.default\">\n\t\t\t\t<div class=\"elementor-widget-container\">\n\t\t\t\t\t\t\t<div><h1><b style=\"font-size: 16px;\"><img fetchpriority=\"high\" decoding=\"async\" class=\"size-medium wp-image-4622 alignleft\" src=\"https:\/\/asling.org\/tc46\/wp-content\/uploads\/2024\/06\/Dr-Maria-Aretoulaki-Change-Maker-2023-300x277.png\" alt=\"\" width=\"300\" height=\"277\" srcset=\"https:\/\/asling.org\/tc46\/wp-content\/uploads\/2024\/06\/Dr-Maria-Aretoulaki-Change-Maker-2023-300x277.png 300w, https:\/\/asling.org\/tc46\/wp-content\/uploads\/2024\/06\/Dr-Maria-Aretoulaki-Change-Maker-2023-284x262.png 284w, https:\/\/asling.org\/tc46\/wp-content\/uploads\/2024\/06\/Dr-Maria-Aretoulaki-Change-Maker-2023.png 303w\" sizes=\"(max-width: 300px) 100vw, 300px\" \/><\/b><b><\/b><\/h1><h1><b>Dr. Maria Aretoulaki<\/b><\/h1><h3><strong><i>Keynote Speaker<\/i><\/strong><\/h3><h3>\u00a0<\/h3><h3><strong><i>&#8220;The role of the human translator in the era of Generative AI&#8221;<\/i><\/strong><\/h3><\/div><h4>Dr Maria Aretoulaki has been working in AI and Machine Learning for the past 30 years: NLP, NLU, Artificial Neural Networks, Speech Recognition, Machine Translation, Text Summarisation, Voice and Chat Conversational Experience Design. She has focused mainly on natural language conversational human-machine interfaces, mainly for Contact Centre applications across all the main verticals for organisations worldwide. She has designed, built and optimised conversational Speech IVRs, Voicebots, Chatbots, Voice and Digital Assistants in several languages for large Enterprises worldwide and Government. In 2018, Maria coined the term \u201cExplainable Conversational Experience Design\u201d, which later morphed to \u201cExplainable Conversational AI\u201d and more recently \u2013 with the explosion of LLMs and the ChatGPT hype \u2013 to \u201cExplainable Generative AI\u201d to advocate for transparent, responsible, design-led AI bot development that keeps the human in the loop and in control.<\/h4><h4>Having run her own company for 14 years, Maria joined GLOBALLOGIC \/ HITACHI in 2022, where she has helped shape and leads the company group\u2019s Explainable Conversational AI and Responsible Generative AI Design strategy. She focuses on Language and Prompt Engineering, Prompt and Chatbot Design, Ontology Design, Knowledge and Content Engineering, as well as AI Ethics and AI Law.\u00a0 She has been working on Hitachi&#8217;s GenAI Platform and the Hitachi AI Policy Committee and is also a Hitachi Design Community Ambassador.<\/h4><h4>Maria holds a Post-Doc in Conversational AI, a PhD in Neural Networks for Text Summarisation, an MSc in Machine Translation and a B.A. Hons in Linguistics &amp; English.<\/h4>\t\t\t\t\t\t<\/div>\n\t\t\t\t<\/div>\n\t\t\t\t\t<\/div>\n\t\t\t\t<\/div>\n\t\t<div class=\"elementor-element elementor-element-b2e712b e-flex e-con-boxed e-con e-parent\" data-id=\"b2e712b\" data-element_type=\"container\">\n\t\t\t\t\t<div class=\"e-con-inner\">\n\t\t\t\t<div class=\"elementor-element elementor-element-69ed265 elementor-widget-divider--view-line elementor-widget elementor-widget-divider\" data-id=\"69ed265\" data-element_type=\"widget\" data-widget_type=\"divider.default\">\n\t\t\t\t<div class=\"elementor-widget-container\">\n\t\t\t\t\t<div class=\"elementor-divider\">\n\t\t\t<span class=\"elementor-divider-separator\">\n\t\t\t\t\t\t<\/span>\n\t\t<\/div>\n\t\t\t\t<\/div>\n\t\t\t\t<\/div>\n\t\t\t\t<div class=\"elementor-element elementor-element-2a08b5e elementor-widget elementor-widget-text-editor\" data-id=\"2a08b5e\" data-element_type=\"widget\" data-widget_type=\"text-editor.default\">\n\t\t\t\t<div class=\"elementor-widget-container\">\n\t\t\t\t\t\t\t<h1><b><img decoding=\"async\" class=\"size-medium wp-image-6478 alignright\" src=\"https:\/\/asling.org\/tc46\/wp-content\/uploads\/2024\/07\/1-275x300.jpg\" alt=\"\" width=\"275\" height=\"300\" srcset=\"https:\/\/asling.org\/tc46\/wp-content\/uploads\/2024\/07\/1-275x300.jpg 275w, https:\/\/asling.org\/tc46\/wp-content\/uploads\/2024\/07\/1-768x839.jpg 768w, https:\/\/asling.org\/tc46\/wp-content\/uploads\/2024\/07\/1-240x262.jpg 240w, https:\/\/asling.org\/tc46\/wp-content\/uploads\/2024\/07\/1-641x700.jpg 641w, https:\/\/asling.org\/tc46\/wp-content\/uploads\/2024\/07\/1-366x400.jpg 366w, https:\/\/asling.org\/tc46\/wp-content\/uploads\/2024\/07\/1.jpg 845w\" sizes=\"(max-width: 275px) 100vw, 275px\" \/>Christos Ellinides<\/b><\/h1><h3><strong><i>Keynote Speaker<\/i><\/strong><\/h3><h3>\u00a0<\/h3><h3><strong><i>&#8220;Rewiring language services in a public administration&#8221;<\/i><\/strong><\/h3><div>\u00a0<\/div><div><h4>Christos Ellinides is currently the Director-General for the Directorate-General for Translation (DGT) at the European Commission. He is also the Chairman of the Management Board of the Translation Centre for the Bodies of the European Union (CdT).<\/h4><h4>He joined the Commission in 2006 as Director for corporate digital solutions and services in the Directorate-General for Informatics and was appointed later to the post of Deputy Director-General in DGT. Prior to this, Mr Ellinides has been responsible for the introduction and effective use of information and communication technologies in various organisations operating mainly in Europe, for more than 2 decades.<\/h4><h4>His career has evolved through posts and assignments in varying industries, and he has acquired broad and extensive experiences mostly in a management capacity including the functions of both a CEO and a CIO. His profile is marked by advanced organizational, coordination, and managerial skills, coupled with profound expertise in IT system platforms, collaborative tools, and telecommunications. He has been instrumental in spearheading innovative corporate infrastructure solutions for the Commission&#8217;s information systems and language technologies, leveraging the latest technological advancements, including artificial intelligence.<\/h4><h4>He has delivered speeches, lectures, and presentations on business, IT and linguistic matters on an international and pan-European level. He is an active member in several professional bodies. He has been a director and board member in a number of organisations with substantial international exposure.<\/h4><h4>Christos Ellinides is a Chartered Engineer (CEng), Chartered IT Professional (CITP) and a Fellow of the British Computer Society (FBCS). He holds a M.Sc. in Business Systems Analysis and Design from the City University of London (UK) and a B.Sc. in Business and Computing from the Nova University of Miami (USA).<\/h4><\/div>\t\t\t\t\t\t<\/div>\n\t\t\t\t<\/div>\n\t\t\t\t\t<\/div>\n\t\t\t\t<\/div>\n\t\t<div class=\"elementor-element elementor-element-4087097 e-flex e-con-boxed e-con e-parent\" data-id=\"4087097\" data-element_type=\"container\">\n\t\t\t\t\t<div class=\"e-con-inner\">\n\t\t\t\t<div class=\"elementor-element elementor-element-906bd2f elementor-widget-divider--view-line elementor-widget elementor-widget-divider\" data-id=\"906bd2f\" data-element_type=\"widget\" data-widget_type=\"divider.default\">\n\t\t\t\t<div class=\"elementor-widget-container\">\n\t\t\t\t\t<div class=\"elementor-divider\">\n\t\t\t<span class=\"elementor-divider-separator\">\n\t\t\t\t\t\t<\/span>\n\t\t<\/div>\n\t\t\t\t<\/div>\n\t\t\t\t<\/div>\n\t\t\t\t<div class=\"elementor-element elementor-element-4aace09 elementor-widget elementor-widget-text-editor\" data-id=\"4aace09\" data-element_type=\"widget\" data-widget_type=\"text-editor.default\">\n\t\t\t\t<div class=\"elementor-widget-container\">\n\t\t\t\t\t\t\t<h3><img decoding=\"async\" class=\"size-medium wp-image-9031 alignleft\" src=\"https:\/\/asling.org\/tc46\/wp-content\/uploads\/2024\/10\/IMG_20210130_132320-263x300.jpg\" alt=\"\" width=\"263\" height=\"300\" srcset=\"https:\/\/asling.org\/tc46\/wp-content\/uploads\/2024\/10\/IMG_20210130_132320-263x300.jpg 263w, https:\/\/asling.org\/tc46\/wp-content\/uploads\/2024\/10\/IMG_20210130_132320-898x1024.jpg 898w, https:\/\/asling.org\/tc46\/wp-content\/uploads\/2024\/10\/IMG_20210130_132320-768x876.jpg 768w, https:\/\/asling.org\/tc46\/wp-content\/uploads\/2024\/10\/IMG_20210130_132320-1347x1536.jpg 1347w, https:\/\/asling.org\/tc46\/wp-content\/uploads\/2024\/10\/IMG_20210130_132320-877x1000.jpg 877w, https:\/\/asling.org\/tc46\/wp-content\/uploads\/2024\/10\/IMG_20210130_132320-230x262.jpg 230w, https:\/\/asling.org\/tc46\/wp-content\/uploads\/2024\/10\/IMG_20210130_132320-614x700.jpg 614w, https:\/\/asling.org\/tc46\/wp-content\/uploads\/2024\/10\/IMG_20210130_132320-351x400.jpg 351w, https:\/\/asling.org\/tc46\/wp-content\/uploads\/2024\/10\/IMG_20210130_132320.jpg 1633w\" sizes=\"(max-width: 263px) 100vw, 263px\" \/><\/h3><h1><strong>Ildik\u00f3 Horv\u00e1th<\/strong><\/h1><h3><strong><em>Invited Speaker<\/em><\/strong><\/h3><h3>\u00a0<\/h3><h3><strong><em>&#8220;Human expertise powered by AI&#8221;<\/em><\/strong><\/h3><h4>\u00a0<\/h4><h4>Ildik\u00f3 Horv\u00e1th has been the director of the Translation Centre for the Bodies of the European Union since 1 February 2022. Ms Horv\u00e1th has a versatile background, she was Vice Dean for International Affairs as well as Head of Department and Associate Professor in the Faculty of Humanities of ELTE University, Budapest, Hungary. She was also the Director of its Institute of Language Mediation and the President of the European Masters in Conference Interpreting (EMCI) Consortium.<\/h4><h4>With wide-ranging experience as a translator and conference interpreter as well as a PhD in Translation Studies and Applied Linguistics, Ms Horv\u00e1th has a solid understanding of the Translation Centre\u2019s core business. In her different roles, she has developed sound management and networking skills, and has overseen the organisation of translation and interpreting studies at both MA and PhD level. She is also the author of numerous articles and books on translation and interpreting, with a recent focus on artificial intelligence and the digital transformation of the language services market.<\/h4><h3><a href=\"https:\/\/asling.org\/tc46\/abstracts-keynote-invited#horvath-abstract\" target=\"_blank\" rel=\"noopener\">Click here to read the abstract!<\/a><\/h3>\t\t\t\t\t\t<\/div>\n\t\t\t\t<\/div>\n\t\t\t\t\t<\/div>\n\t\t\t\t<\/div>\n\t\t\t\t<\/div>\n\t\t","protected":false},"excerpt":{"rendered":"<p>Keynote and Invited Speakers to TC46 Dr. Maria Aretoulaki Keynote Speaker \u00a0 &#8220;The role of the human translator in the era of Generative AI&#8221; Dr Maria Aretoulaki has been working in AI and Machine Learning for the past 30 years: NLP, NLU, Artificial Neural Networks, Speech Recognition, Machine Translation, Text Summarisation, Voice and Chat Conversational [&hellip;]<\/p>\n","protected":false},"author":1,"featured_media":0,"parent":0,"menu_order":0,"comment_status":"closed","ping_status":"closed","template":"page-templates\/itsolution.php","meta":{"footnotes":""},"class_list":["post-3119","page","type-page","status-publish","hentry"],"_links":{"self":[{"href":"https:\/\/asling.org\/tc46\/wp-json\/wp\/v2\/pages\/3119","targetHints":{"allow":["GET"]}}],"collection":[{"href":"https:\/\/asling.org\/tc46\/wp-json\/wp\/v2\/pages"}],"about":[{"href":"https:\/\/asling.org\/tc46\/wp-json\/wp\/v2\/types\/page"}],"author":[{"embeddable":true,"href":"https:\/\/asling.org\/tc46\/wp-json\/wp\/v2\/users\/1"}],"replies":[{"embeddable":true,"href":"https:\/\/asling.org\/tc46\/wp-json\/wp\/v2\/comments?post=3119"}],"version-history":[{"count":70,"href":"https:\/\/asling.org\/tc46\/wp-json\/wp\/v2\/pages\/3119\/revisions"}],"predecessor-version":[{"id":9089,"href":"https:\/\/asling.org\/tc46\/wp-json\/wp\/v2\/pages\/3119\/revisions\/9089"}],"wp:attachment":[{"href":"https:\/\/asling.org\/tc46\/wp-json\/wp\/v2\/media?parent=3119"}],"curies":[{"name":"wp","href":"https:\/\/api.w.org\/{rel}","templated":true}]}}